{"id":26,"date":"2023-11-23T10:28:04","date_gmt":"2023-11-23T09:28:04","guid":{"rendered":"https:\/\/www.ctbceramics.com\/?page_id=26"},"modified":"2026-02-17T10:59:38","modified_gmt":"2026-02-17T09:59:38","slug":"medi-ambient","status":"publish","type":"page","link":"https:\/\/ceramicadebreda.com\/es\/medi-ambient\/","title":{"rendered":"Medio ambiente"},"content":{"rendered":"<div data-elementor-type=\"wp-page\" data-elementor-id=\"26\" class=\"elementor elementor-26\" data-elementor-post-type=\"page\">\n\t\t\t\t\t\t<section class=\"elementor-section elementor-top-section elementor-element elementor-element-5fa42f1 elementor-section-full_width elementor-section-height-min-height elementor-section-height-default elementor-section-items-middle\" data-id=\"5fa42f1\" data-element_type=\"section\" data-settings=\"{&quot;background_background&quot;:&quot;classic&quot;}\">\n\t\t\t\t\t\t<div class=\"elementor-container elementor-column-gap-default\">\n\t\t\t\t\t<div class=\"elementor-column elementor-col-100 elementor-top-column elementor-element elementor-element-a2a5959\" data-id=\"a2a5959\" data-element_type=\"column\">\n\t\t\t<div class=\"elementor-widget-wrap elementor-element-populated\">\n\t\t\t\t\t\t<div class=\"elementor-element elementor-element-f11b307 elementor-widget elementor-widget-spacer\" data-id=\"f11b307\" data-element_type=\"widget\" data-widget_type=\"spacer.default\">\n\t\t\t\t<div class=\"elementor-widget-container\">\n\t\t\t\t\t\t\t<div class=\"elementor-spacer\">\n\t\t\t<div class=\"elementor-spacer-inner\"><\/div>\n\t\t<\/div>\n\t\t\t\t\t\t<\/div>\n\t\t\t\t<\/div>\n\t\t\t\t<div class=\"elementor-element elementor-element-1c4d761 elementor-invisible elementor-widget elementor-widget-heading\" data-id=\"1c4d761\" data-element_type=\"widget\" data-settings=\"{&quot;_animation&quot;:&quot;fadeInLeft&quot;,&quot;motion_fx_motion_fx_scrolling&quot;:&quot;yes&quot;,&quot;motion_fx_translateX_effect&quot;:&quot;yes&quot;,&quot;motion_fx_translateX_direction&quot;:&quot;negative&quot;,&quot;motion_fx_translateX_speed&quot;:{&quot;unit&quot;:&quot;px&quot;,&quot;size&quot;:1,&quot;sizes&quot;:[]},&quot;motion_fx_devices&quot;:[&quot;desktop&quot;,&quot;tablet&quot;],&quot;motion_fx_translateX_affectedRange&quot;:{&quot;unit&quot;:&quot;%&quot;,&quot;size&quot;:&quot;&quot;,&quot;sizes&quot;:{&quot;start&quot;:0,&quot;end&quot;:100}}}\" data-widget_type=\"heading.default\">\n\t\t\t\t<div class=\"elementor-widget-container\">\n\t\t\t\t\t<p class=\"elementor-heading-title elementor-size-default\">Medio ambiente<\/p>\t\t\t\t<\/div>\n\t\t\t\t<\/div>\n\t\t\t\t\t<\/div>\n\t\t<\/div>\n\t\t\t\t\t<\/div>\n\t\t<\/section>\n\t\t\t\t<section class=\"elementor-section elementor-top-section elementor-element elementor-element-b8ffcd8 elementor-section-full_width elementor-section-height-default elementor-section-height-default\" data-id=\"b8ffcd8\" data-element_type=\"section\" data-settings=\"{&quot;background_background&quot;:&quot;classic&quot;}\">\n\t\t\t\t\t\t<div class=\"elementor-container elementor-column-gap-default\">\n\t\t\t\t\t<div class=\"elementor-column elementor-col-100 elementor-top-column elementor-element elementor-element-451c239\" data-id=\"451c239\" data-element_type=\"column\">\n\t\t\t<div class=\"elementor-widget-wrap elementor-element-populated\">\n\t\t\t\t\t\t<div class=\"elementor-element elementor-element-91851cf elementor-widget elementor-widget-heading\" data-id=\"91851cf\" data-element_type=\"widget\" data-widget_type=\"heading.default\">\n\t\t\t\t<div class=\"elementor-widget-container\">\n\t\t\t\t\t<h2 class=\"elementor-heading-title elementor-size-default\">Cer\u00e1mica ecol\u00f3gica y sostenible<\/h2>\t\t\t\t<\/div>\n\t\t\t\t<\/div>\n\t\t\t\t<div class=\"elementor-element elementor-element-1101ed1 elementor-widget elementor-widget-text-editor\" data-id=\"1101ed1\" data-element_type=\"widget\" data-widget_type=\"text-editor.default\">\n\t\t\t\t<div class=\"elementor-widget-container\">\n\t\t\t\t\t\t\t\t\t<div class=\"page\" title=\"Page 3\"><div class=\"layoutArea\"><div class=\"column\"><div class=\"page\" title=\"Page 3\"><div class=\"layoutArea\"><div class=\"column\"><p class=\"translation-block\">En <strong>CTB<\/strong> trabajamos cada d\u00eda con el compromiso de proteger el medio ambiente, asegurando que nuestra producci\u00f3n mantiene el equilibrio entre la actividad industrial y el respeto por la naturaleza.<\/p><\/div><\/div><\/div><\/div><\/div><\/div>\t\t\t\t\t\t\t\t<\/div>\n\t\t\t\t<\/div>\n\t\t\t\t\t<\/div>\n\t\t<\/div>\n\t\t\t\t\t<\/div>\n\t\t<\/section>\n\t\t\t\t<section class=\"elementor-section elementor-top-section elementor-element elementor-element-8213ee2 elementor-section-boxed elementor-section-height-default elementor-section-height-default\" data-id=\"8213ee2\" data-element_type=\"section\">\n\t\t\t\t\t\t<div class=\"elementor-container elementor-column-gap-wide\">\n\t\t\t\t\t<div class=\"elementor-column elementor-col-50 elementor-top-column elementor-element elementor-element-a52a183\" data-id=\"a52a183\" data-element_type=\"column\">\n\t\t\t<div class=\"elementor-widget-wrap elementor-element-populated\">\n\t\t\t\t\t\t<div class=\"elementor-element elementor-element-3faee96 elementor-position-inline-start elementor-tablet-position-block-start elementor-view-default elementor-mobile-position-block-start elementor-widget elementor-widget-icon-box\" data-id=\"3faee96\" data-element_type=\"widget\" data-widget_type=\"icon-box.default\">\n\t\t\t\t<div class=\"elementor-widget-container\">\n\t\t\t\t\t\t\t<div class=\"elementor-icon-box-wrapper\">\n\n\t\t\t\t\t\t<div class=\"elementor-icon-box-icon\">\n\t\t\t\t<span  class=\"elementor-icon\">\n\t\t\t\t<svg xmlns=\"http:\/\/www.w3.org\/2000\/svg\" id=\"a\" data-name=\"Capa 1\" viewbox=\"0 0 213 251\"><path d=\"m69.61,243.74c.91.06,1.83.07,2.93.07,36.19,0,72.38,0,108.57,0h.1c.95,0,1.9,0,2.82-.07,1.4-.11,2.04-.75,2.06-2.07.11-5.45-1.11-15.25-10.53-19.57-3.85-1.76-8.33-3.01-14.55-4.04-6.38-1.06-10.62-3.3-13.73-7.28-1.39-1.77-2.96-3.78-4.36-5.89-5.14-7.73-12.66-9.95-22.35-6.59-1.6.56-3.2,1.23-4.76,1.89-1.1.47-2.21.93-3.33,1.36-.67.26-1.34.39-2.05.54-.31.06-.63.13-.97.21l-1.11.26-.11-1.13c-.03-.34-.07-.64-.1-.91-.07-.55-.12-1.02-.12-1.51v-6.73c-.02-15.91-.03-32.37.06-48.56,0-1.62.98-3.34,1.95-4.32,2.15-2.21,4.4-4.38,6.57-6.48,1.83-1.78,3.73-3.61,5.56-5.45,1.54-1.56,3.26-2.28,5.74-2.41,13.01-.7,23.65-3.77,32.54-9.38,16.43-10.37,24.17-26.29,25.07-51.62.02-.69-.15-1.22-.52-1.6-.4-.4-1.03-.6-1.82-.58-3.9.12-7.04.32-9.89.62-.68.07-1.59.29-2.07.91-.33.43-.44,1.02-.33,1.76.08.53.32,2.13,3.22,1.79,1.22-.14,2.43-.24,3.82-.34.65-.05,1.33-.1,2.06-.16l1.19-.1-.11,1.19c-1.22,12.88-4.03,27.56-15.72,38.82-7.78,7.5-17.84,11.71-31.66,13.25l-1.7.19.67-1.58c.43-1.02,1.03-1.87,1.95-2.76,4.36-4.25,8.72-8.49,13.09-12.73l10.22-9.94c.2-.19.42-.38.65-.57.29-.24.82-.68.87-.88.24-1.5.16-2.73-.22-3.37-.21-.34-.47-.54-.82-.61-.5-.1-1.12.09-1.71.51-.52.38-.99.84-1.49,1.33l-9.14,8.88c-4.69,4.56-9.38,9.12-14.08,13.68-.48.47-.98.88-1.57,1.36-.29.24-.6.5-.95.79l-1.44,1.23-.2-1.88c-.03-.3-.07-.54-.1-.75-.06-.42-.12-.79-.05-1.19,3.36-18.75,11.2-30.76,24.67-37.8.99-.51,1.62-1.15,1.83-1.85.16-.52.08-1.09-.24-1.68-.3-.54-.99-1.82-3.66-.44-6.31,3.27-11.29,7.34-15.24,12.44-7.34,9.48-11.38,20.9-12.72,35.94-.12,1.34-.28,3.17-1.31,4.27-2.5,2.68-5.19,5.24-7.79,7.72l-1.87,1.79c-.37.36-.83.5-1.24.62-.15.05-.31.09-.47.16l-1.21.49-.16-1.3c-.03-.25-.06-.48-.1-.7-.07-.46-.13-.89-.13-1.34v-5.75c-.02-9.43-.04-19.18.06-28.78.01-1.39.82-2.77,1.69-4.05,1.27-1.87,2.63-3.72,3.94-5.51,2.45-3.35,4.99-6.82,7.02-10.45,6.34-11.35,8.29-22.87,5.79-34.24-2.65-12.05-8.76-22.95-18.68-33.34-.78-.82-1.44-1.21-2.02-1.22-.65,0-1.39.46-2.32,1.4-5.52,5.65-10.14,12.21-13.73,19.5-5.67,11.5-7.13,22.55-4.48,33.78.52,2.21,1.43,2.55,2.65,2.39.65-.09,2.01-.27,1.71-3.46-.09-1.02-.21-2.04-.32-3.07-.41-3.7-.82-7.52-.45-11.25,1.03-10.26,5.61-20.07,14.4-30.89.39-.48.84-.87,1.27-1.25.18-.16.36-.31.53-.47l.71-.67.69.7c8.78,8.99,18.31,25.38,16.27,41.96-1.18,9.63-5.18,18.72-12.21,27.77l-.4.52-2.13-.56v-36.72c0-2.31-.26-3.64-.82-4.19-.18-.18-.52-.41-1.38-.41-.02,0-.04,0-.05,0-1.17.01-2.18.02-2.18,4.72,0,4.2,0,8.4,0,12.6,0,6.56,0,13.11-.01,19.67,0,.86-.09,1.71-.18,2.54-.04.37-.08.74-.11,1.11l-.14,1.71-1.42-.97c-1.63-1.11-2.59-2.44-3.45-3.62-1.6-2.19-2.5-1.85-3.43-1.23-.59.39-.93.85-1.03,1.37-.12.63.13,1.4.72,2.24l.09.13c1.98,2.83,4.03,5.75,6.34,8.31,1.84,2.04,2.66,4.26,2.65,7.2-.04,15.05-.04,30.1-.04,45.15,0,6.8,0,13.59,0,20.39,0,.8-.06,1.56-.13,2.45-.03.43-.07.88-.1,1.37l-.13,2.14-1.56-1.48c-.94-.89-1.84-1.75-2.72-2.6-2.02-1.94-3.93-3.77-5.9-5.53-1.86-1.66-2.79-3.69-3-6.58-.3-3.95-.7-8.16-1.57-12.23-3.18-14.69-9.01-24.9-18.37-32.14-10.93-8.46-24.2-12.65-40.58-12.81-1.05-.02-1.76.21-2.17.65-.41.44-.57,1.19-.48,2.21l.13,1.51c.41,4.79.84,9.74,1.86,14.44,3.37,15.6,10.46,26.74,21.68,34.07,8.84,5.78,19.12,8.99,33.31,10.43,1.62.16,3.44,1.03,4.64,2.2,4.61,4.5,8.96,8.98,12.92,13.33,1.2,1.31,2.04,3.32,2.08,5,.17,5.73.13,11.56.09,17.19l-.02,2.86c-.01,2-.23,3.36-1.26,4-1.04.64-2.37.22-4.16-.67-1.72-.85-3.38-1.84-4.98-2.8-1.42-.85-2.9-1.73-4.38-2.49-11.16-5.74-21.46-2.62-27.54,8.34-.9,1.62-1.75,3.33-2.57,4.98-.61,1.23-1.22,2.46-1.86,3.68-1.72,3.26-4.49,5.09-8.73,5.76-4.07.64-7.22,1.44-9.92,2.5-8,3.16-13.05,10.32-12.87,18.25.05,2.41.62,3.01,2.91,3.02,4.84.04,9.77.04,14.54.03,2.32,0,4.64,0,6.97,0h0c2.18,0,2.67-.85,2.74-2.12.03-.63-.11-1.11-.43-1.45-.45-.48-1.28-.74-2.39-.75-3-.03-5.99-.03-8.99-.02h-9.64s-1.39-1.7-1.39-1.7l.34-.6c.35-.61.68-1.25,1.01-1.89.75-1.46,1.53-2.97,2.61-4.26,3.12-3.68,7.71-5.86,13.28-6.29,7.5-.58,12.48-4.26,15.66-11.58,1.21-2.79,2.61-5.43,4.15-7.86,2.37-3.74,5.89-5.86,10.46-6.29,5.82-.55,10.34,2.18,13.64,4.61,6.81,5.02,14.31,5.77,22.93,2.29.89-.36,1.78-.73,2.67-1.1,2.16-.9,4.4-1.83,6.67-2.6,6.84-2.34,11.63-.85,16,4.98.51.69,1.02,1.38,1.53,2.07,1.34,1.82,2.73,3.7,4.2,5.44,3.54,4.2,8.28,6.68,14.5,7.59,4.41.64,8.7,1.64,12.76,2.96,4.03,1.31,6.95,4.26,8.46,8.52.77,2.18,1.18,3.58.46,4.61-.73,1.03-2.18,1.1-4.49,1.1h-103.81s-.74,0-.74,0c-.25,0-.49,0-.72,0-.49,0-.97.01-1.45.05-1.38.13-1.97.76-1.99,2.12-.01,1.41.53,2.02,1.89,2.12Zm13.58-95.09l-1.09-1.01c-.45-.41-.91-.83-1.33-1.27l-10.06-10.34c-4.32-4.44-8.64-8.88-12.97-13.31-.65-.67-1.33-1.37-2.07-1.87-.49-.34-1.01-.48-1.46-.39-.36.07-.67.29-.9.65-.41.64-.58,1.85-.4,2.87.06.33.6.84,1.03,1.25.19.18.37.35.54.53,4.07,4.2,8.14,8.4,12.22,12.6,3.36,3.46,6.71,6.92,10.07,10.38.48.49.91,1.01,1.34,1.51.19.23.38.45.57.67l.45.52-1,1.88-.72-.13c-.6-.11-1.2-.22-1.81-.32-1.3-.23-2.65-.46-3.98-.77-22.67-5.36-35.47-19.17-39.15-42.22-.17-1.08-.33-2.16-.48-3.25-.14-.98-.28-1.95-.43-2.93-.15-.94-.21-2.12.56-2.94.79-.84,2.03-.82,2.89-.74,28.62,2.78,43.81,15.8,49.23,42.2.23,1.11.37,2.24.51,3.33.06.5.13,1.01.2,1.51l.11.73-1.89.89Z\" style=\"stroke-width: 0px;\"><\/path><\/svg>\t\t\t\t<\/span>\n\t\t\t<\/div>\n\t\t\t\n\t\t\t\t\t\t<div class=\"elementor-icon-box-content\">\n\n\t\t\t\t\t\t\t\t\t<h3 class=\"elementor-icon-box-title\">\n\t\t\t\t\t\t<span  >\n\t\t\t\t\t\t\tMateria prima natural y no contaminante\t\t\t\t\t\t<\/span>\n\t\t\t\t\t<\/h3>\n\t\t\t\t\n\t\t\t\t\t\t\t\t\t<p class=\"elementor-icon-box-description translation-block\"><span>Nuestra materia prima es el <b>barro<\/b>, un material totalmente natural, abundante y respetuoso con el medio ambiente. Utilizamos <b>esmaltes cer\u00e1micos<\/b> que cumplen las normativas europeas e internacionales m\u00e1s exigentes, libres de plomo y cadmio, lo que los convierte en productos completamente ecol\u00f3gicos.<\/span>\n\n<span>Por ello, en <b>CTB<\/b> nos sentimos plenamente comprometidos con la <b>protecci\u00f3n del medio ambiente<\/b> y trabajamos cada d\u00eda para contribuir con nuestro peque\u00f1o grano de arena.<\/span><\/p>\n\t\t\t\t\n\t\t\t<\/div>\n\t\t\t\n\t\t<\/div>\n\t\t\t\t\t\t<\/div>\n\t\t\t\t<\/div>\n\t\t\t\t\t<\/div>\n\t\t<\/div>\n\t\t\t\t<div class=\"elementor-column elementor-col-50 elementor-top-column elementor-element elementor-element-0fbdc61\" data-id=\"0fbdc61\" data-element_type=\"column\">\n\t\t\t<div class=\"elementor-widget-wrap elementor-element-populated\">\n\t\t\t\t\t\t<div class=\"elementor-element elementor-element-44bb830 elementor-position-inline-start elementor-tablet-position-block-start elementor-view-default elementor-mobile-position-block-start elementor-widget elementor-widget-icon-box\" data-id=\"44bb830\" data-element_type=\"widget\" data-widget_type=\"icon-box.default\">\n\t\t\t\t<div class=\"elementor-widget-container\">\n\t\t\t\t\t\t\t<div class=\"elementor-icon-box-wrapper\">\n\n\t\t\t\t\t\t<div class=\"elementor-icon-box-icon\">\n\t\t\t\t<span  class=\"elementor-icon\">\n\t\t\t\t<svg xmlns=\"http:\/\/www.w3.org\/2000\/svg\" id=\"a\" data-name=\"Capa 1\" viewbox=\"0 0 240.94 239.07\"><path d=\"m79.53,100.99c-13,22.61-25.83,44.91-39.11,68.01,3.54.45,5.89.93,8.26,1.01,4.55.15,9.12.09,13.68.09,1.87,0,3.68.26,3.58,2.63-.09,2.23-1.91,2.27-3.6,2.24-7.25-.14-14.51-.28-22.5-.43.22,2.85.12,6.27.78,9.54,2.99,14.69,15.28,24.73,30.24,24.93,3.55.05,7.09.07,10.64.1,1.79.01,3.76.04,3.84,2.39.09,2.43-1.86,2.52-3.67,2.47-5.66-.16-11.39.21-16.95-.62-10.75-1.6-18.83-7.62-24.37-16.9-7.57-12.68-14.95-25.48-22.47-38.19-3.59-6.07-5.52-12.57-5.43-19.63.09-6.52,1.93-12.55,5.19-18.18,7.65-13.23,15.3-26.46,22.95-39.7.29-.51.5-1.06.82-1.76-3.07-1.75-6.11-3.36-9-5.2-.91-.58-2.11-1.94-1.94-2.66.23-1,1.48-2.19,2.54-2.51,14.98-4.6,30.02-9.03,45.01-13.63,2.54-.78,3.68.14,4.2,2.36,3.32,14.18,6.61,28.37,9.91,42.56.25,1.08.72,2.16.72,3.25,0,1.17-.09,2.7-.8,3.39-.52.51-2.28.27-3.19-.2-3.05-1.57-5.97-3.4-9.32-5.35Zm-45.38,75.46c1.75-5.19,2.79-11.01,5.51-15.88,11.9-21.3,24.31-42.32,36.49-63.46,1.17-2.02,2.51-2.4,4.47-1.17,1.9,1.19,3.87,2.28,6.45,3.78-3.19-13.58-6.2-26.35-9.28-39.47-12.89,3.87-25.5,7.67-38.83,11.67,2.39,1.38,4.19,2.43,6,3.46,2.83,1.62,3,2.4,1.34,5.28-8.4,14.56-16.94,29.04-25.12,43.71-5.43,9.74-5.29,19.81.03,29.62,3.81,7.03,7.93,13.89,11.92,20.82.43.75.93,1.46,1.03,1.62Z\" style=\"stroke-width: 0px;\"><\/path><path d=\"m199.83,74.88c3.3-1.93,6.21-3.76,9.26-5.34.91-.47,2.52-.68,3.22-.19.69.48,1.06,2.12.84,3.09-3.5,15.29-7.15,30.54-10.69,45.82-.62,2.69-1.8,3.38-4.53,2.54-14.79-4.57-29.63-8.94-44.43-13.48-1.1-.34-2.77-1.52-2.73-2.24.05-1.08,1.17-2.42,2.2-3.1,2.77-1.83,5.73-3.37,8.89-5.19-13.05-22.52-25.96-44.81-39.33-67.88-2.17,2.85-3.89,4.79-5.24,6.96-2.42,3.86-4.63,7.84-6.91,11.78-.84,1.45-1.93,2.61-3.64,1.67-1.86-1.03-1.47-2.64-.53-4.19,3.82-6.29,7.64-12.58,11.67-19.22-5.83-4.45-12.97-6.49-20.75-5.85-10.8.88-19.21,5.85-24.68,15.42-1.81,3.16-3.53,6.39-5.61,9.37-.67.96-2.6,1.94-3.51,1.63-2-.69-1.52-2.47-.6-4.03,2.27-3.83,4.31-7.8,6.78-11.5,6.78-10.17,16.53-15.48,28.62-15.79,15.7-.4,31.41-.51,47.11-.23,13.91.25,24.14,7.12,31.03,19.12,7.76,13.51,15.58,26.98,23.57,40.82Zm7.39,1.72c-.64.16-.85.16-1.02.26-1.59.89-3.18,1.77-4.75,2.69-2.99,1.76-3.66,1.55-5.43-1.5-8.45-14.63-16.74-29.36-25.47-43.82-5.62-9.32-14.31-14.12-25.23-14.41-8.1-.21-16.2-.07-24.31-.07-.83,0-1.66.13-1.67.13,3.62,4.15,8.11,8.01,10.98,12.84,12.44,20.85,24.4,41.99,36.55,63.02,1.12,1.94.92,3.39-1.16,4.51-2.01,1.08-3.95,2.28-6.47,3.75,13.28,3.99,25.89,7.78,38.79,11.65,3.09-13.15,6.1-25.91,9.18-39.03Z\" style=\"stroke-width: 0px;\"><\/path><path d=\"m124.34,214.19c0,3.7.11,7.15-.07,10.58-.05,1.02-.72,2.55-1.49,2.84-.83.32-2.4-.22-3.15-.92-11.5-10.69-22.9-21.49-34.37-32.21-1.83-1.71-1.8-3.1.01-4.79,11.47-10.72,22.87-21.52,34.37-32.21.76-.7,2.45-1.4,3.06-1.03.87.53,1.51,2.02,1.58,3.15.2,3.33.07,6.67.07,10.07h78.58c-2.07-4.21-3.7-7.72-5.51-11.15-1.51-2.86-3.21-5.63-4.84-8.42-.86-1.48-1.15-2.95.54-3.95,1.73-1.03,2.86.04,3.67,1.5,3.6,6.52,7.18,13.06,10.93,19.89,4.44-1.75,8.37-4.93,11.63-8.99,8.25-10.28,9.33-23.43,2.91-34.95-1.87-3.36-3.94-6.62-5.6-10.08-.44-.93.32-2.44.53-3.69,1.07.26,2.72.17,3.11.83,4.24,7.2,9.27,14.03,10.56,22.65,1.25,8.36-.35,16.13-4.43,23.41-7.32,13.05-14.49,26.2-22.25,38.99-2.66,4.38-6.51,8.3-10.53,11.55-6.34,5.12-14.02,6.83-22.19,6.76-15.2-.13-30.39-.04-45.59-.03-.39,0-.78.1-1.53.2Zm88.61-42.95c-.19-.18-.38-.37-.57-.55-6.39,3.65-13.33,4.37-20.52,4.33-22.9-.12-45.8-.08-68.7,0-2.79,0-3.89-.98-3.71-3.74.14-2.07.03-4.16.03-6.98-10.17,9.56-19.79,18.6-29.56,27.79,9.83,9.24,19.43,18.25,29.57,27.77,0-2.99.08-5.1-.02-7.2-.13-2.57.91-3.65,3.56-3.64,16.82.05,33.64.02,50.46-.02,9.88-.03,18.21-3.9,23.8-11.87,5.78-8.25,10.5-17.23,15.68-25.89Z\" style=\"stroke-width: 0px;\"><\/path><\/svg>\t\t\t\t<\/span>\n\t\t\t<\/div>\n\t\t\t\n\t\t\t\t\t\t<div class=\"elementor-icon-box-content\">\n\n\t\t\t\t\t\t\t\t\t<h3 class=\"elementor-icon-box-title\">\n\t\t\t\t\t\t<span  >\n\t\t\t\t\t\t\tComprometidos con el medio ambiente\t\t\t\t\t\t<\/span>\n\t\t\t\t\t<\/h3>\n\t\t\t\t\n\t\t\t\t\t\t\t\t\t<p class=\"elementor-icon-box-description\">\n\t\t\t\t\t\tCada pieza puede seguir viviendo de muchas formas: como envase para nuevos productos, como elemento decorativo o como soporte para presentar ese plato inesperado que sorprende a todos.\nY cuando su camino termina, simplemente vuelve a su origen, la tierra, para comenzar de nuevo su ciclo natural.\t\t\t\t\t<\/p>\n\t\t\t\t\n\t\t\t<\/div>\n\t\t\t\n\t\t<\/div>\n\t\t\t\t\t\t<\/div>\n\t\t\t\t<\/div>\n\t\t<div class=\"elementor-element elementor-element-74ec124 e-flex e-con-boxed e-con e-parent\" data-id=\"74ec124\" data-element_type=\"container\">\n\t\t\t\t\t<div class=\"e-con-inner\">\n\t\t\t\t<div class=\"elementor-element elementor-element-55aec6b elementor-widget elementor-widget-image\" data-id=\"55aec6b\" data-element_type=\"widget\" data-widget_type=\"image.default\">\n\t\t\t\t<div class=\"elementor-widget-container\">\n\t\t\t\t\t\t\t\t\t\t\t\t\t\t\t<img fetchpriority=\"high\" decoding=\"async\" width=\"800\" height=\"386\" src=\"https:\/\/ceramicadebreda.com\/wp-content\/uploads\/2025\/11\/ISO-9001-RGB-negro-1024x494.png\" class=\"attachment-large size-large wp-image-627\" alt=\"\" srcset=\"https:\/\/ceramicadebreda.com\/wp-content\/uploads\/2025\/11\/ISO-9001-RGB-negro-1024x494.png 1024w, https:\/\/ceramicadebreda.com\/wp-content\/uploads\/2025\/11\/ISO-9001-RGB-negro-300x145.png 300w, https:\/\/ceramicadebreda.com\/wp-content\/uploads\/2025\/11\/ISO-9001-RGB-negro-768x371.png 768w, https:\/\/ceramicadebreda.com\/wp-content\/uploads\/2025\/11\/ISO-9001-RGB-negro-1536x742.png 1536w, https:\/\/ceramicadebreda.com\/wp-content\/uploads\/2025\/11\/ISO-9001-RGB-negro-2048x989.png 2048w\" sizes=\"(max-width: 800px) 100vw, 800px\" \/>\t\t\t\t\t\t\t\t\t\t\t\t\t\t\t<\/div>\n\t\t\t\t<\/div>\n\t\t\t\t<div class=\"elementor-element elementor-element-8621530 elementor-widget elementor-widget-image\" data-id=\"8621530\" data-element_type=\"widget\" data-widget_type=\"image.default\">\n\t\t\t\t<div class=\"elementor-widget-container\">\n\t\t\t\t\t\t\t\t\t\t\t\t\t\t\t<img decoding=\"async\" width=\"195\" height=\"54\" src=\"https:\/\/ceramicadebreda.com\/wp-content\/uploads\/2025\/11\/Ecoembes_marca_H_RGB_negro-02.svg\" class=\"attachment-large size-large wp-image-628\" alt=\"\" \/>\t\t\t\t\t\t\t\t\t\t\t\t\t\t\t<\/div>\n\t\t\t\t<\/div>\n\t\t\t\t<div class=\"elementor-element elementor-element-a24e85f elementor-widget elementor-widget-image\" data-id=\"a24e85f\" data-element_type=\"widget\" data-widget_type=\"image.default\">\n\t\t\t\t<div class=\"elementor-widget-container\">\n\t\t\t\t\t\t\t\t\t\t\t\t\t\t\t<img decoding=\"async\" width=\"150\" height=\"17\" src=\"https:\/\/ceramicadebreda.com\/wp-content\/uploads\/2023\/11\/Sedex_Member.png\" class=\"attachment-large size-large wp-image-763\" alt=\"\" \/>\t\t\t\t\t\t\t\t\t\t\t\t\t\t\t<\/div>\n\t\t\t\t<\/div>\n\t\t\t\t\t<\/div>\n\t\t\t\t<\/div>\n\t\t\t\t\t<\/div>\n\t\t<\/div>\n\t\t\t\t\t<\/div>\n\t\t<\/section>\n\t\t\t\t<section class=\"elementor-section elementor-top-section elementor-element elementor-element-c54be7b elementor-section-boxed elementor-section-height-default elementor-section-height-default\" data-id=\"c54be7b\" data-element_type=\"section\" data-settings=\"{&quot;background_background&quot;:&quot;classic&quot;}\">\n\t\t\t\t\t\t\t<div class=\"elementor-background-overlay\"><\/div>\n\t\t\t\t\t\t\t<div class=\"elementor-container elementor-column-gap-default\">\n\t\t\t\t\t<div class=\"elementor-column elementor-col-100 elementor-top-column elementor-element elementor-element-016b1c3\" data-id=\"016b1c3\" data-element_type=\"column\">\n\t\t\t<div class=\"elementor-widget-wrap elementor-element-populated\">\n\t\t\t\t\t\t<div class=\"elementor-element elementor-element-c08aef8 elementor-widget elementor-widget-spacer\" data-id=\"c08aef8\" data-element_type=\"widget\" data-widget_type=\"spacer.default\">\n\t\t\t\t<div class=\"elementor-widget-container\">\n\t\t\t\t\t\t\t<div class=\"elementor-spacer\">\n\t\t\t<div class=\"elementor-spacer-inner\"><\/div>\n\t\t<\/div>\n\t\t\t\t\t\t<\/div>\n\t\t\t\t<\/div>\n\t\t\t\t<div class=\"elementor-element elementor-element-2c3009e elementor-widget elementor-widget-heading\" data-id=\"2c3009e\" data-element_type=\"widget\" data-widget_type=\"heading.default\">\n\t\t\t\t<div class=\"elementor-widget-container\">\n\t\t\t\t\t<h4 class=\"elementor-heading-title elementor-size-default\">Fabricaci\u00f3n de cer\u00e1mica respetuosa con el medio ambiente<\/h4>\t\t\t\t<\/div>\n\t\t\t\t<\/div>\n\t\t\t\t<div class=\"elementor-element elementor-element-65e1909 elementor-widget elementor-widget-spacer\" data-id=\"65e1909\" data-element_type=\"widget\" data-widget_type=\"spacer.default\">\n\t\t\t\t<div class=\"elementor-widget-container\">\n\t\t\t\t\t\t\t<div class=\"elementor-spacer\">\n\t\t\t<div class=\"elementor-spacer-inner\"><\/div>\n\t\t<\/div>\n\t\t\t\t\t\t<\/div>\n\t\t\t\t<\/div>\n\t\t\t\t\t<\/div>\n\t\t<\/div>\n\t\t\t\t\t<\/div>\n\t\t<\/section>\n\t\t\t\t<\/div>","protected":false},"excerpt":{"rendered":"<p>Medi ambient Cer\u00e0mica ecol\u00f2gica i sostenible A CTB treballem cada dia amb el compromi\u0301s de protegir el medi ambient, assegurant que la nostra produccio\u0301 mante\u0301 l\u2019equilibri entre l\u2019activitat industrial i el respecte per la natura. Mat\u00e8ria prima natural i no contaminant La nostra mat\u00e8ria primera \u00e9s el fang, un material totalment natural, abundant i respectu\u00f3s [&hellip;]<\/p>","protected":false},"author":1,"featured_media":471,"parent":0,"menu_order":0,"comment_status":"closed","ping_status":"closed","template":"","meta":{"_acf_changed":false,"footnotes":""},"class_list":["post-26","page","type-page","status-publish","has-post-thumbnail","hentry"],"acf":[],"_links":{"self":[{"href":"https:\/\/ceramicadebreda.com\/es\/wp-json\/wp\/v2\/pages\/26","targetHints":{"allow":["GET"]}}],"collection":[{"href":"https:\/\/ceramicadebreda.com\/es\/wp-json\/wp\/v2\/pages"}],"about":[{"href":"https:\/\/ceramicadebreda.com\/es\/wp-json\/wp\/v2\/types\/page"}],"author":[{"embeddable":true,"href":"https:\/\/ceramicadebreda.com\/es\/wp-json\/wp\/v2\/users\/1"}],"replies":[{"embeddable":true,"href":"https:\/\/ceramicadebreda.com\/es\/wp-json\/wp\/v2\/comments?post=26"}],"version-history":[{"count":86,"href":"https:\/\/ceramicadebreda.com\/es\/wp-json\/wp\/v2\/pages\/26\/revisions"}],"predecessor-version":[{"id":2716,"href":"https:\/\/ceramicadebreda.com\/es\/wp-json\/wp\/v2\/pages\/26\/revisions\/2716"}],"wp:featuredmedia":[{"embeddable":true,"href":"https:\/\/ceramicadebreda.com\/es\/wp-json\/wp\/v2\/media\/471"}],"wp:attachment":[{"href":"https:\/\/ceramicadebreda.com\/es\/wp-json\/wp\/v2\/media?parent=26"}],"curies":[{"name":"wp","href":"https:\/\/api.w.org\/{rel}","templated":true}]}}