{"id":28,"date":"2023-11-23T10:28:18","date_gmt":"2023-11-23T09:28:18","guid":{"rendered":"https:\/\/www.ctbceramics.com\/?page_id=28"},"modified":"2026-01-15T09:46:28","modified_gmt":"2026-01-15T08:46:28","slug":"faqs","status":"publish","type":"page","link":"https:\/\/ceramicadebreda.com\/fr\/faqs\/","title":{"rendered":"FAQs"},"content":{"rendered":"<div data-elementor-type=\"wp-page\" data-elementor-id=\"28\" class=\"elementor elementor-28\" data-elementor-post-type=\"page\">\n\t\t\t\t\t\t<section class=\"elementor-section elementor-top-section elementor-element elementor-element-cfcdbbd elementor-section-full_width elementor-section-height-min-height elementor-section-height-default elementor-section-items-middle\" data-id=\"cfcdbbd\" data-element_type=\"section\" data-settings=\"{&quot;background_background&quot;:&quot;classic&quot;}\">\n\t\t\t\t\t\t<div class=\"elementor-container elementor-column-gap-default\">\n\t\t\t\t\t<div class=\"elementor-column elementor-col-100 elementor-top-column elementor-element elementor-element-4acf49f\" data-id=\"4acf49f\" data-element_type=\"column\">\n\t\t\t<div class=\"elementor-widget-wrap elementor-element-populated\">\n\t\t\t\t\t\t<div class=\"elementor-element elementor-element-eb7bb46 elementor-widget elementor-widget-spacer\" data-id=\"eb7bb46\" data-element_type=\"widget\" data-widget_type=\"spacer.default\">\n\t\t\t\t<div class=\"elementor-widget-container\">\n\t\t\t\t\t\t\t<div class=\"elementor-spacer\">\n\t\t\t<div class=\"elementor-spacer-inner\"><\/div>\n\t\t<\/div>\n\t\t\t\t\t\t<\/div>\n\t\t\t\t<\/div>\n\t\t\t\t<div class=\"elementor-element elementor-element-7e5670f elementor-invisible elementor-widget elementor-widget-heading\" data-id=\"7e5670f\" data-element_type=\"widget\" data-settings=\"{&quot;_animation&quot;:&quot;fadeInLeft&quot;,&quot;motion_fx_motion_fx_scrolling&quot;:&quot;yes&quot;,&quot;motion_fx_translateX_effect&quot;:&quot;yes&quot;,&quot;motion_fx_translateX_direction&quot;:&quot;negative&quot;,&quot;motion_fx_translateX_speed&quot;:{&quot;unit&quot;:&quot;px&quot;,&quot;size&quot;:1,&quot;sizes&quot;:[]},&quot;motion_fx_translateX_affectedRange&quot;:{&quot;unit&quot;:&quot;%&quot;,&quot;size&quot;:&quot;&quot;,&quot;sizes&quot;:{&quot;start&quot;:0,&quot;end&quot;:100}},&quot;motion_fx_devices&quot;:[&quot;desktop&quot;,&quot;tablet&quot;,&quot;mobile&quot;]}\" data-widget_type=\"heading.default\">\n\t\t\t\t<div class=\"elementor-widget-container\">\n\t\t\t\t\t<p class=\"elementor-heading-title elementor-size-default\">FAQs.<\/p>\t\t\t\t<\/div>\n\t\t\t\t<\/div>\n\t\t\t\t\t<\/div>\n\t\t<\/div>\n\t\t\t\t\t<\/div>\n\t\t<\/section>\n\t\t\t\t<section class=\"elementor-section elementor-top-section elementor-element elementor-element-daedfef elementor-section-full_width elementor-section-height-default elementor-section-height-default\" data-id=\"daedfef\" data-element_type=\"section\" data-settings=\"{&quot;background_background&quot;:&quot;classic&quot;}\">\n\t\t\t\t\t\t<div class=\"elementor-container elementor-column-gap-default\">\n\t\t\t\t\t<div class=\"elementor-column elementor-col-100 elementor-top-column elementor-element elementor-element-69a3828\" data-id=\"69a3828\" data-element_type=\"column\">\n\t\t\t<div class=\"elementor-widget-wrap elementor-element-populated\">\n\t\t\t\t\t\t<div class=\"elementor-element elementor-element-ad66d1e elementor-widget elementor-widget-heading\" data-id=\"ad66d1e\" data-element_type=\"widget\" data-widget_type=\"heading.default\">\n\t\t\t\t<div class=\"elementor-widget-container\">\n\t\t\t\t\t<h2 class=\"elementor-heading-title elementor-size-default\">Questions fr\u00e9quentes<\/h2>\t\t\t\t<\/div>\n\t\t\t\t<\/div>\n\t\t\t\t<div class=\"elementor-element elementor-element-8a49c9c elementor-widget elementor-widget-text-editor\" data-id=\"8a49c9c\" data-element_type=\"widget\" data-widget_type=\"text-editor.default\">\n\t\t\t\t<div class=\"elementor-widget-container\">\n\t\t\t\t\t\t\t\t\t<div class=\"page\" title=\"Page 3\"><div class=\"layoutArea\"><div class=\"column\"><p>Vous avez des questions ? Consultez nos questions fr\u00e9quentes. Ou contactez-nous.<\/p><\/div><\/div><\/div>\t\t\t\t\t\t\t\t<\/div>\n\t\t\t\t<\/div>\n\t\t\t\t<div class=\"elementor-element elementor-element-d37dd12 elementor-align-left elementor-widget elementor-widget-button\" data-id=\"d37dd12\" data-element_type=\"widget\" data-widget_type=\"button.default\">\n\t\t\t\t<div class=\"elementor-widget-container\">\n\t\t\t\t\t\t\t\t\t<div class=\"elementor-button-wrapper\">\n\t\t\t\t\t<a class=\"elementor-button elementor-button-link elementor-size-sm elementor-animation-grow\" href=\"\/fr\/contacte\/\">\n\t\t\t\t\t\t<span class=\"elementor-button-content-wrapper\">\n\t\t\t\t\t\t\t\t\t<span class=\"elementor-button-text\">contact<\/span>\n\t\t\t\t\t<\/span>\n\t\t\t\t\t<\/a>\n\t\t\t\t<\/div>\n\t\t\t\t\t\t\t\t<\/div>\n\t\t\t\t<\/div>\n\t\t\t\t\t<\/div>\n\t\t<\/div>\n\t\t\t\t\t<\/div>\n\t\t<\/section>\n\t\t\t\t<section class=\"elementor-section elementor-top-section elementor-element elementor-element-889fbcb elementor-section-full_width elementor-section-height-default elementor-section-height-default\" data-id=\"889fbcb\" data-element_type=\"section\">\n\t\t\t\t\t\t<div class=\"elementor-container elementor-column-gap-default\">\n\t\t\t\t\t<div class=\"elementor-column elementor-col-50 elementor-top-column elementor-element elementor-element-b6a3baf\" data-id=\"b6a3baf\" data-element_type=\"column\">\n\t\t\t<div class=\"elementor-widget-wrap elementor-element-populated\">\n\t\t\t\t\t\t<div class=\"elementor-element elementor-element-2588d6e elementor-widget elementor-widget-heading\" data-id=\"2588d6e\" data-element_type=\"widget\" data-widget_type=\"heading.default\">\n\t\t\t\t<div class=\"elementor-widget-container\">\n\t\t\t\t\t<h5 class=\"elementor-heading-title elementor-size-default\">Pourquoi la c\u00e9ramique est-elle consid\u00e9r\u00e9e comme meilleure que les autres ustensiles de cuisine ?<\/h5>\t\t\t\t<\/div>\n\t\t\t\t<\/div>\n\t\t\t\t<div class=\"elementor-element elementor-element-236bb80 elementor-widget elementor-widget-text-editor\" data-id=\"236bb80\" data-element_type=\"widget\" data-widget_type=\"text-editor.default\">\n\t\t\t\t<div class=\"elementor-widget-container\">\n\t\t\t\t\t\t\t\t\t<div class=\"page\" title=\"Page 4\"><div class=\"layoutArea\"><div class=\"column\"><p class=\"translation-block\">Cuisiner avec de la terre cuite, c\u2019est cuisiner en toute tranquillit\u00e9. L\u2019argile diffuse la chaleur lentement et uniform\u00e9ment, permettant une cuisson plus naturelle et pleine de saveur.<br>\nDe plus, elle conserve la chaleur pendant longtemps, id\u00e9ale pour servir directement \u00e0 table et d\u00e9guster les plats comme s\u2019ils venaient d\u2019\u00eatre pr\u00e9par\u00e9s.<\/p><\/div><\/div><\/div>\t\t\t\t\t\t\t\t<\/div>\n\t\t\t\t<\/div>\n\t\t\t\t<div class=\"elementor-element elementor-element-012ce56 elementor-widget-divider--view-line elementor-widget elementor-widget-divider\" data-id=\"012ce56\" data-element_type=\"widget\" data-widget_type=\"divider.default\">\n\t\t\t\t<div class=\"elementor-widget-container\">\n\t\t\t\t\t\t\t<div class=\"elementor-divider\">\n\t\t\t<span class=\"elementor-divider-separator\">\n\t\t\t\t\t\t<\/span>\n\t\t<\/div>\n\t\t\t\t\t\t<\/div>\n\t\t\t\t<\/div>\n\t\t\t\t<div class=\"elementor-element elementor-element-afa2459 elementor-widget elementor-widget-heading\" data-id=\"afa2459\" data-element_type=\"widget\" data-widget_type=\"heading.default\">\n\t\t\t\t<div class=\"elementor-widget-container\">\n\t\t\t\t\t<h5 class=\"elementor-heading-title elementor-size-default\">Peut-on cuisiner sur une plaque vitroc\u00e9ramique avec des casseroles en terre cuite ?<\/h5>\t\t\t\t<\/div>\n\t\t\t\t<\/div>\n\t\t\t\t<div class=\"elementor-element elementor-element-e36f78e elementor-widget elementor-widget-text-editor\" data-id=\"e36f78e\" data-element_type=\"widget\" data-widget_type=\"text-editor.default\">\n\t\t\t\t<div class=\"elementor-widget-container\">\n\t\t\t\t\t\t\t\t\t<div class=\"page\" title=\"Page 4\"><div class=\"layoutArea\"><div class=\"column\"><p class=\"translation-block\">Oui, tant que les pi\u00e8ces sont en <strong>argile r\u00e9fractaire<\/strong>, capable de r\u00e9sister aux chocs thermiques. Toutes nos pi\u00e8ces <strong>adapt\u00e9es \u00e0 la cuisson<\/strong> sont \u00e9galement adapt\u00e9es aux plaques vitroc\u00e9ramiques.<\/p><p class=\"translation-block\">\ud83d\udca1<em>Conseil utile<\/em> : profitez de la capacit\u00e9 de la terre cuite \u00e0 conserver la chaleur et <strong>\u00e9teignez la plaque vitroc\u00e9ramique un peu avant<\/strong> \u2014 la casserole terminera la cuisson par inertie, vous aidant \u00e0 <strong>\u00e9conomiser de l\u2019\u00e9nergie<\/strong>.<\/p><\/div><\/div><\/div>\t\t\t\t\t\t\t\t<\/div>\n\t\t\t\t<\/div>\n\t\t\t\t<div class=\"elementor-element elementor-element-5217498 elementor-widget-divider--view-line elementor-widget elementor-widget-divider\" data-id=\"5217498\" data-element_type=\"widget\" data-widget_type=\"divider.default\">\n\t\t\t\t<div class=\"elementor-widget-container\">\n\t\t\t\t\t\t\t<div class=\"elementor-divider\">\n\t\t\t<span class=\"elementor-divider-separator\">\n\t\t\t\t\t\t<\/span>\n\t\t<\/div>\n\t\t\t\t\t\t<\/div>\n\t\t\t\t<\/div>\n\t\t\t\t<div class=\"elementor-element elementor-element-d8a42b9 elementor-widget elementor-widget-heading\" data-id=\"d8a42b9\" data-element_type=\"widget\" data-widget_type=\"heading.default\">\n\t\t\t\t<div class=\"elementor-widget-container\">\n\t\t\t\t\t<h5 class=\"elementor-heading-title elementor-size-default\">Fabriquez-vous des pi\u00e8ces personnalis\u00e9es ou sur mesure ?<\/h5>\t\t\t\t<\/div>\n\t\t\t\t<\/div>\n\t\t\t\t<div class=\"elementor-element elementor-element-e452e62 elementor-widget elementor-widget-text-editor\" data-id=\"e452e62\" data-element_type=\"widget\" data-widget_type=\"text-editor.default\">\n\t\t\t\t<div class=\"elementor-widget-container\">\n\t\t\t\t\t\t\t\t\t<div class=\"page\" title=\"Page 4\"><div class=\"layoutArea\"><div class=\"column\"><p class=\"translation-block\">Oui. Nous adaptons les designs, les tailles et les finitions selon les besoins de chaque client (<em>avec des quantit\u00e9s minimales selon le produit<\/em>).<\/p><\/div><\/div><\/div>\t\t\t\t\t\t\t\t<\/div>\n\t\t\t\t<\/div>\n\t\t\t\t<div class=\"elementor-element elementor-element-6eadf9d elementor-widget-divider--view-line elementor-widget elementor-widget-divider\" data-id=\"6eadf9d\" data-element_type=\"widget\" data-widget_type=\"divider.default\">\n\t\t\t\t<div class=\"elementor-widget-container\">\n\t\t\t\t\t\t\t<div class=\"elementor-divider\">\n\t\t\t<span class=\"elementor-divider-separator\">\n\t\t\t\t\t\t<\/span>\n\t\t<\/div>\n\t\t\t\t\t\t<\/div>\n\t\t\t\t<\/div>\n\t\t\t\t<div class=\"elementor-element elementor-element-5ce6869 elementor-widget elementor-widget-heading\" data-id=\"5ce6869\" data-element_type=\"widget\" data-widget_type=\"heading.default\">\n\t\t\t\t<div class=\"elementor-widget-container\">\n\t\t\t\t\t<h5 class=\"elementor-heading-title elementor-size-default\">Y a-t-il diff\u00e9rentes couleurs ou finitions disponibles ?<\/h5>\t\t\t\t<\/div>\n\t\t\t\t<\/div>\n\t\t\t\t<div class=\"elementor-element elementor-element-a24e0cf elementor-widget elementor-widget-text-editor\" data-id=\"a24e0cf\" data-element_type=\"widget\" data-widget_type=\"text-editor.default\">\n\t\t\t\t<div class=\"elementor-widget-container\">\n\t\t\t\t\t\t\t\t\t<div class=\"page\" title=\"Page 4\"><div class=\"layoutArea\"><div class=\"column\"><div class=\"page\" title=\"Page 4\"><div class=\"layoutArea\"><div class=\"column\"><p class=\"translation-block\">Oui, nous proposons plusieurs \u00e9maux et finitions. Tous respectent les normes alimentaires en vigueur et sont <strong>sans plomb ni cadmium<\/strong>.<\/p><\/div><\/div><\/div><\/div><\/div><\/div>\t\t\t\t\t\t\t\t<\/div>\n\t\t\t\t<\/div>\n\t\t\t\t<div class=\"elementor-element elementor-element-38ac47d elementor-widget-divider--view-line elementor-widget elementor-widget-divider\" data-id=\"38ac47d\" data-element_type=\"widget\" data-widget_type=\"divider.default\">\n\t\t\t\t<div class=\"elementor-widget-container\">\n\t\t\t\t\t\t\t<div class=\"elementor-divider\">\n\t\t\t<span class=\"elementor-divider-separator\">\n\t\t\t\t\t\t<\/span>\n\t\t<\/div>\n\t\t\t\t\t\t<\/div>\n\t\t\t\t<\/div>\n\t\t\t\t\t<\/div>\n\t\t<\/div>\n\t\t\t\t<div class=\"elementor-column elementor-col-50 elementor-top-column elementor-element elementor-element-a539edd\" data-id=\"a539edd\" data-element_type=\"column\">\n\t\t\t<div class=\"elementor-widget-wrap elementor-element-populated\">\n\t\t\t\t\t\t<div class=\"elementor-element elementor-element-eccffd5 elementor-widget elementor-widget-heading\" data-id=\"eccffd5\" data-element_type=\"widget\" data-widget_type=\"heading.default\">\n\t\t\t\t<div class=\"elementor-widget-container\">\n\t\t\t\t\t<h5 class=\"elementor-heading-title elementor-size-default\">Premi\u00e8re utilisation et entretien de la casserole en terre cuite pour la cuisson<\/h5>\t\t\t\t<\/div>\n\t\t\t\t<\/div>\n\t\t<div class=\"elementor-element elementor-element-b8fd94e e-con-full e-flex e-con e-parent\" data-id=\"b8fd94e\" data-element_type=\"container\">\n\t\t\t\t<div class=\"elementor-element elementor-element-4ea284d elementor-widget elementor-widget-heading\" data-id=\"4ea284d\" data-element_type=\"widget\" data-widget_type=\"heading.default\">\n\t\t\t\t<div class=\"elementor-widget-container\">\n\t\t\t\t\t<h3 class=\"elementor-heading-title elementor-size-default\">1. Pr\u00e9paration initiale<\/h3>\t\t\t\t<\/div>\n\t\t\t\t<\/div>\n\t\t\t\t<div class=\"elementor-element elementor-element-ce5ff95 elementor-widget elementor-widget-text-editor\" data-id=\"ce5ff95\" data-element_type=\"widget\" data-widget_type=\"text-editor.default\">\n\t\t\t\t<div class=\"elementor-widget-container\">\n\t\t\t\t\t\t\t\t\t<div class=\"page\" title=\"Page 4\"><div class=\"layoutArea\"><div class=\"column\"><p class=\"translation-block\">Avant de l\u2019utiliser pour la premi\u00e8re fois, remplissez la casserole d\u2019eau, ajoutez une cuill\u00e8re de farine et portez \u00e0 \u00e9bullition.<br>\nUne fois qu\u2019elle a compl\u00e8tement refroidi, videz-la. Ainsi, la pi\u00e8ce sera bien scell\u00e9e et plus r\u00e9sistante.<\/p><\/div><\/div><\/div>\t\t\t\t\t\t\t\t<\/div>\n\t\t\t\t<\/div>\n\t\t\t\t<div class=\"elementor-element elementor-element-a570aa9 elementor-widget elementor-widget-heading\" data-id=\"a570aa9\" data-element_type=\"widget\" data-widget_type=\"heading.default\">\n\t\t\t\t<div class=\"elementor-widget-container\">\n\t\t\t\t\t<h3 class=\"elementor-heading-title elementor-size-default\">2. Pendant la cuisson<\/h3>\t\t\t\t<\/div>\n\t\t\t\t<\/div>\n\t\t\t\t<div class=\"elementor-element elementor-element-d013e20 elementor-widget elementor-widget-text-editor\" data-id=\"d013e20\" data-element_type=\"widget\" data-widget_type=\"text-editor.default\">\n\t\t\t\t<div class=\"elementor-widget-container\">\n\t\t\t\t\t\t\t\t\t<div class=\"page\" title=\"Page 4\"><div class=\"layoutArea\"><div class=\"column\"><div class=\"page\" title=\"Page 4\"><div class=\"layoutArea\"><div class=\"column\"><p class=\"translation-block\">\u2022 Allumez le feu doux et augmentez progressivement la temp\u00e9rature.<br>\u2022 Ne placez jamais la casserole vide sur le feu \u2014 l\u2019argile est sensible aux variations de temp\u00e9rature et pourrait se fissurer.<\/p><\/div><\/div><\/div><\/div><\/div><\/div>\t\t\t\t\t\t\t\t<\/div>\n\t\t\t\t<\/div>\n\t\t\t\t<div class=\"elementor-element elementor-element-2b14ed2 elementor-widget elementor-widget-heading\" data-id=\"2b14ed2\" data-element_type=\"widget\" data-widget_type=\"heading.default\">\n\t\t\t\t<div class=\"elementor-widget-container\">\n\t\t\t\t\t<h3 class=\"elementor-heading-title elementor-size-default\">3. Soins pendant et apr\u00e8s l\u2019utilisation<\/h3>\t\t\t\t<\/div>\n\t\t\t\t<\/div>\n\t\t\t\t<div class=\"elementor-element elementor-element-6670abd elementor-widget elementor-widget-text-editor\" data-id=\"6670abd\" data-element_type=\"widget\" data-widget_type=\"text-editor.default\">\n\t\t\t\t<div class=\"elementor-widget-container\">\n\t\t\t\t\t\t\t\t\t<div class=\"page\" title=\"Page 4\"><div class=\"layoutArea\"><div class=\"column\"><div class=\"page\" title=\"Page 4\"><div class=\"layoutArea\"><div class=\"column\"><div class=\"page\" title=\"Page 4\"><div class=\"layoutArea\"><div class=\"column\"><p class=\"translation-block\">\u2022 \u00c9vitez les changements brusques de temp\u00e9rature : ne placez pas la casserole chaude sur des surfaces froides ou m\u00e9talliques. Une base en bois est l\u2019option id\u00e9ale.<br>\u2022 Manipulez-la avec pr\u00e9caution \u2014 l\u2019argile est d\u00e9licate. Ne frappez pas les bords et n\u2019utilisez pas d\u2019ustensiles m\u00e9talliques avec force.<br>\n\u2022 Laissez-la refridir avant de la mettre \u00e0 tremper.<br>\u2022 Si des restes de nourriture subsistent, laissez-les tremper quelques minutes jusqu\u2019\u00e0 ce qu\u2019ils se d\u00e9tachent facilement.<\/p><\/div><\/div><\/div><\/div><\/div><\/div><\/div><\/div><\/div>\t\t\t\t\t\t\t\t<\/div>\n\t\t\t\t<\/div>\n\t\t\t\t<div class=\"elementor-element elementor-element-1a7b3b7 elementor-widget elementor-widget-heading\" data-id=\"1a7b3b7\" data-element_type=\"widget\" data-widget_type=\"heading.default\">\n\t\t\t\t<div class=\"elementor-widget-container\">\n\t\t\t\t\t<h3 class=\"elementor-heading-title elementor-size-default\">4. Conservation<\/h3>\t\t\t\t<\/div>\n\t\t\t\t<\/div>\n\t\t\t\t<div class=\"elementor-element elementor-element-79dbac4 elementor-widget elementor-widget-text-editor\" data-id=\"79dbac4\" data-element_type=\"widget\" data-widget_type=\"text-editor.default\">\n\t\t\t\t<div class=\"elementor-widget-container\">\n\t\t\t\t\t\t\t\t\t<div class=\"page\" title=\"Page 4\"><div class=\"layoutArea\"><div class=\"column\"><div class=\"page\" title=\"Page 4\"><div class=\"layoutArea\"><div class=\"column\"><p class=\"translation-block\">Avant de la ranger, assurez-vous que la casserole soit bien s\u00e8che.<br>Cela aidera \u00e0 \u00e9viter les mauvaises odeurs ou la moisissure.<br>\nSi possible, conservez-la dans un endroit sec et ventil\u00e9 pour qu\u2019elle reste en parfait \u00e9tat.<\/p><\/div><\/div><\/div><\/div><\/div><\/div>\t\t\t\t\t\t\t\t<\/div>\n\t\t\t\t<\/div>\n\t\t\t\t<\/div>\n\t\t\t\t<div class=\"elementor-element elementor-element-568b5b1 elementor-widget-divider--view-line elementor-widget elementor-widget-divider\" data-id=\"568b5b1\" data-element_type=\"widget\" data-widget_type=\"divider.default\">\n\t\t\t\t<div class=\"elementor-widget-container\">\n\t\t\t\t\t\t\t<div class=\"elementor-divider\">\n\t\t\t<span class=\"elementor-divider-separator\">\n\t\t\t\t\t\t<\/span>\n\t\t<\/div>\n\t\t\t\t\t\t<\/div>\n\t\t\t\t<\/div>\n\t\t\t\t\t<\/div>\n\t\t<\/div>\n\t\t\t\t\t<\/div>\n\t\t<\/section>\n\t\t\t\t<\/div>","protected":false},"excerpt":{"rendered":"<p>FAQs. Preguntes freq\u00fcents Tens cap dubte? Consulta les nostres preguntes frequ\u0308ents. O be\u0301, contacta amb nosaltres. contacte Per qu\u00e8 es considera que la terrissa \u00e9s millor que altres estris de cuina? Cuinar amb terrissa e\u0301s cuinar amb calma. El fang transmet la calor a poc a poc i de manera uniforme, aconseguint una coccio\u0301 me\u0301s [&hellip;]<\/p>","protected":false},"author":1,"featured_media":516,"parent":0,"menu_order":0,"comment_status":"closed","ping_status":"closed","template":"","meta":{"_acf_changed":false,"footnotes":""},"class_list":["post-28","page","type-page","status-publish","has-post-thumbnail","hentry"],"acf":[],"_links":{"self":[{"href":"https:\/\/ceramicadebreda.com\/fr\/wp-json\/wp\/v2\/pages\/28","targetHints":{"allow":["GET"]}}],"collection":[{"href":"https:\/\/ceramicadebreda.com\/fr\/wp-json\/wp\/v2\/pages"}],"about":[{"href":"https:\/\/ceramicadebreda.com\/fr\/wp-json\/wp\/v2\/types\/page"}],"author":[{"embeddable":true,"href":"https:\/\/ceramicadebreda.com\/fr\/wp-json\/wp\/v2\/users\/1"}],"replies":[{"embeddable":true,"href":"https:\/\/ceramicadebreda.com\/fr\/wp-json\/wp\/v2\/comments?post=28"}],"version-history":[{"count":56,"href":"https:\/\/ceramicadebreda.com\/fr\/wp-json\/wp\/v2\/pages\/28\/revisions"}],"predecessor-version":[{"id":2574,"href":"https:\/\/ceramicadebreda.com\/fr\/wp-json\/wp\/v2\/pages\/28\/revisions\/2574"}],"wp:featuredmedia":[{"embeddable":true,"href":"https:\/\/ceramicadebreda.com\/fr\/wp-json\/wp\/v2\/media\/516"}],"wp:attachment":[{"href":"https:\/\/ceramicadebreda.com\/fr\/wp-json\/wp\/v2\/media?parent=28"}],"curies":[{"name":"wp","href":"https:\/\/api.w.org\/{rel}","templated":true}]}}